{"id":6,"date":"2024-03-06T21:09:21","date_gmt":"2024-03-06T20:09:21","guid":{"rendered":"https:\/\/genealogiemouvet.com\/?page_id=6"},"modified":"2024-09-21T23:31:29","modified_gmt":"2024-09-21T21:31:29","slug":"qui-sommes-nous","status":"publish","type":"page","link":"https:\/\/genealogiemouvet.com\/?page_id=6","title":{"rendered":"Qui sommes-nous ?"},"content":{"rendered":"\n<p class=\"has-text-align-center wp-block-paragraph\"><strong>Nous sommes les h\u00e9ritiers d&#8217;une longue lign\u00e9e de Mouvet<\/strong><\/p>\n\n\n\n<div class=\"wp-block-group alignfull\"><div class=\"wp-block-group__inner-container is-layout-constrained wp-block-group-is-layout-constrained\">\n<div class=\"wp-block-group\"><div class=\"wp-block-group__inner-container is-layout-constrained wp-block-group-is-layout-constrained\">\n<div class=\"wp-block-group\"><div class=\"wp-block-group__inner-container is-layout-constrained wp-block-group-is-layout-constrained\">\n<p class=\"has-text-align-left wp-block-paragraph\">Le projet de notre cousin le docteur <strong>Willy Mouvet<\/strong> et celui de son \u00e9pouse <strong>Ghislaine Deroubaix<\/strong> concernait les origines de notre famille. La d\u00e9marche se transforma en une qu\u00eate g\u00e9n\u00e9alogique d\u00fbment document\u00e9e poursuivie par <strong>Ren\u00e9 Mouvet<\/strong> et sa femme <strong>Baudrez Alberte.<\/strong> Nous sommes les fils, petites filles et petits fils de <strong>Constant Mouvet<\/strong>, comme nos cousins, nous avons l\u2019intention de sauvegarder leur travail et le souvenir de nos anciens par la recherche g\u00e9n\u00e9alogique.<\/p>\n\n\n\n<p class=\"wp-block-paragraph\">Jusqu\u2019\u00e0 ce jour, il n\u2019y a apparemment aucune <strong>c\u00e9l\u00e9brit\u00e9<\/strong> parmi nos a\u00efeux ce qui ne dit rien sur la valeur des Hommes (et des femmes), car une vie ne se jauge pas \u00e0 l\u2019aune de la <strong>renomm\u00e9e<\/strong> et comme disait <strong>Georges Brassens\u00a0:<\/strong> \u00ab\u00a0Trompettes de la renomm\u00e9e\u2026Vous \u00eates bien mal embouch\u00e9es\u00a0\u00bb. D\u2019autres que nous ont philosoph\u00e9 sur ce th\u00e8me\u00a0: <strong>Fr\u00e9d\u00e9ric Vitoux (<\/strong> <em>\u00ab\u00a0L\u2019Ours et le Philosophe\u00a0\u00bb<\/em>, Grasset, Paris, 2022, p.176 ) a longuement dissert\u00e9 sur les d\u00e9bats qui oppos\u00e8rent<strong> Diderot<\/strong> et <strong>Falconet<\/strong> au sujet de la \u00ab<strong>\u00a0post\u00e9rit\u00e9<\/strong>\u00a0\u00bb.<\/p>\n\n\n\n<p class=\"has-text-align-left wp-block-paragraph\">\u00a0\u00a0\u00a0\u00a0\u00a0\u00a0\u00a0\u00a0\u00a0\u00a0\u00a0 Si vous ne connaissez pas ces personnages historiques, ne vous formalisez pas, c\u2019est la d\u00e9monstration recherch\u00e9e\u00a0: les oubliettes de l\u2019histoire font que bien souvent tels ou tels personnages, en pleine <strong>gloire<\/strong> \u00e0 leur \u00e9poque, disparaissent des m\u00e9moires. Nous ne voulons pas oublier.<\/p>\n\n\n\n<p class=\"wp-block-paragraph\">\u00a0\u00a0\u00a0\u00a0\u00a0\u00a0\u00a0\u00a0\u00a0\u00a0\u00a0 Nous habitons une r\u00e9gion avec un folklore assez particulier qui relie les g\u00e9n\u00e9rations entre elles, les Marches et leurs \u00ab\u00a0marcheurs\u00a0\u00bb. Comme il y a \u00ab\u00a0les cousins de Bretagne\u00a0\u00bb, dans <strong><em>\u00ab\u00a0l\u2019Entre-Sambre-et-Meuse, cousins, cousines, tout le monde tambourine (ou carabine)\u00a0\u00bb<\/em><\/strong>. Notre folklore est un accompagnement militaire des processions en uniforme du premier ou du second Empire avec fusils et tambours, un reliquat d\u2019un temps ou l\u2019ins\u00e9curit\u00e9 dans notre r\u00e9gion \u00e9tait due \u00e0 sa richesse en minerais et au grand nombre de place forte avec une soldatesque parfois mal contr\u00f4l\u00e9e.<\/p>\n\n\n\n<p class=\"wp-block-paragraph\">&nbsp;&nbsp;&nbsp;&nbsp;&nbsp;&nbsp;&nbsp;&nbsp;&nbsp;&nbsp;&nbsp; Nos anciens ont v\u00e9cu souvent des moments difficiles mais nos racines sont fortes. La publication sur le web de notre recherche g\u00e9n\u00e9alogique devrait ouvrir des perspectives de connaissance et de reconnaissance aux cousins patronymiques r\u00e9partis sur tous les continents.<\/p>\n<\/div><\/div>\n<\/div><\/div>\n<\/div><\/div>\n","protected":false},"excerpt":{"rendered":"<p>Nous sommes les h\u00e9ritiers d&#8217;une longue lign\u00e9e de Mouvet Le projet de notre cousin le docteur Willy Mouvet et celui de son \u00e9pouse Ghislaine Deroubaix concernait les origines de notre famille. La d\u00e9marche se transforma en une qu\u00eate g\u00e9n\u00e9alogique d\u00fbment document\u00e9e poursuivie par Ren\u00e9 Mouvet et sa femme Baudrez Alberte. Nous sommes les fils, petites&#8230;<\/p>\n","protected":false},"author":2,"featured_media":0,"parent":0,"menu_order":0,"comment_status":"closed","ping_status":"closed","template":"","meta":{"_crdt_document":"","_kad_post_transparent":"","_kad_post_title":"","_kad_post_layout":"","_kad_post_sidebar_id":"","_kad_post_content_style":"","_kad_post_vertical_padding":"","_kad_post_feature":"","_kad_post_feature_position":"","_kad_post_header":false,"_kad_post_footer":false,"footnotes":""},"class_list":["post-6","page","type-page","status-publish","hentry"],"yoast_head":"<!-- This site is optimized with the Yoast SEO plugin v22.2 - https:\/\/yoast.com\/wordpress\/plugins\/seo\/ -->\n<title>Qui sommes-nous ? - genealogiemouvet.com<\/title>\n<meta name=\"robots\" content=\"index, follow, max-snippet:-1, max-image-preview:large, max-video-preview:-1\" \/>\n<link rel=\"canonical\" href=\"https:\/\/genealogiemouvet.com\/?page_id=6\" \/>\n<meta property=\"og:locale\" content=\"en_US\" \/>\n<meta property=\"og:type\" content=\"article\" \/>\n<meta property=\"og:title\" content=\"Qui sommes-nous ? - genealogiemouvet.com\" \/>\n<meta property=\"og:description\" content=\"Nous sommes les h\u00e9ritiers d&#8217;une longue lign\u00e9e de Mouvet Le projet de notre cousin le docteur Willy Mouvet et celui de son \u00e9pouse Ghislaine Deroubaix concernait les origines de notre famille. La d\u00e9marche se transforma en une qu\u00eate g\u00e9n\u00e9alogique d\u00fbment document\u00e9e poursuivie par Ren\u00e9 Mouvet et sa femme Baudrez Alberte. Nous sommes les fils, petites...\" \/>\n<meta property=\"og:url\" content=\"https:\/\/genealogiemouvet.com\/?page_id=6\" \/>\n<meta property=\"og:site_name\" content=\"genealogiemouvet.com\" \/>\n<meta property=\"article:modified_time\" content=\"2024-09-21T21:31:29+00:00\" \/>\n<meta name=\"twitter:card\" content=\"summary_large_image\" \/>\n<meta name=\"twitter:label1\" content=\"Est. reading time\" \/>\n\t<meta name=\"twitter:data1\" content=\"2 minutes\" \/>\n<script type=\"application\/ld+json\" class=\"yoast-schema-graph\">{\"@context\":\"https:\/\/schema.org\",\"@graph\":[{\"@type\":\"WebPage\",\"@id\":\"https:\/\/genealogiemouvet.com\/?page_id=6\",\"url\":\"https:\/\/genealogiemouvet.com\/?page_id=6\",\"name\":\"Qui sommes-nous ? - genealogiemouvet.com\",\"isPartOf\":{\"@id\":\"https:\/\/genealogiemouvet.com\/#website\"},\"datePublished\":\"2024-03-06T20:09:21+00:00\",\"dateModified\":\"2024-09-21T21:31:29+00:00\",\"breadcrumb\":{\"@id\":\"https:\/\/genealogiemouvet.com\/?page_id=6#breadcrumb\"},\"inLanguage\":\"en-US\",\"potentialAction\":[{\"@type\":\"ReadAction\",\"target\":[\"https:\/\/genealogiemouvet.com\/?page_id=6\"]}]},{\"@type\":\"BreadcrumbList\",\"@id\":\"https:\/\/genealogiemouvet.com\/?page_id=6#breadcrumb\",\"itemListElement\":[{\"@type\":\"ListItem\",\"position\":1,\"name\":\"Accueil\",\"item\":\"https:\/\/genealogiemouvet.com\/\"},{\"@type\":\"ListItem\",\"position\":2,\"name\":\"Qui sommes-nous ?\"}]},{\"@type\":\"WebSite\",\"@id\":\"https:\/\/genealogiemouvet.com\/#website\",\"url\":\"https:\/\/genealogiemouvet.com\/\",\"name\":\"genealogiemouvet.com\",\"description\":\"\",\"potentialAction\":[{\"@type\":\"SearchAction\",\"target\":{\"@type\":\"EntryPoint\",\"urlTemplate\":\"https:\/\/genealogiemouvet.com\/?s={search_term_string}\"},\"query-input\":\"required name=search_term_string\"}],\"inLanguage\":\"en-US\"}]}<\/script>\n<!-- \/ Yoast SEO plugin. -->","yoast_head_json":{"title":"Qui sommes-nous ? - genealogiemouvet.com","robots":{"index":"index","follow":"follow","max-snippet":"max-snippet:-1","max-image-preview":"max-image-preview:large","max-video-preview":"max-video-preview:-1"},"canonical":"https:\/\/genealogiemouvet.com\/?page_id=6","og_locale":"en_US","og_type":"article","og_title":"Qui sommes-nous ? - genealogiemouvet.com","og_description":"Nous sommes les h\u00e9ritiers d&#8217;une longue lign\u00e9e de Mouvet Le projet de notre cousin le docteur Willy Mouvet et celui de son \u00e9pouse Ghislaine Deroubaix concernait les origines de notre famille. La d\u00e9marche se transforma en une qu\u00eate g\u00e9n\u00e9alogique d\u00fbment document\u00e9e poursuivie par Ren\u00e9 Mouvet et sa femme Baudrez Alberte. Nous sommes les fils, petites...","og_url":"https:\/\/genealogiemouvet.com\/?page_id=6","og_site_name":"genealogiemouvet.com","article_modified_time":"2024-09-21T21:31:29+00:00","twitter_card":"summary_large_image","twitter_misc":{"Est. reading time":"2 minutes"},"schema":{"@context":"https:\/\/schema.org","@graph":[{"@type":"WebPage","@id":"https:\/\/genealogiemouvet.com\/?page_id=6","url":"https:\/\/genealogiemouvet.com\/?page_id=6","name":"Qui sommes-nous ? - genealogiemouvet.com","isPartOf":{"@id":"https:\/\/genealogiemouvet.com\/#website"},"datePublished":"2024-03-06T20:09:21+00:00","dateModified":"2024-09-21T21:31:29+00:00","breadcrumb":{"@id":"https:\/\/genealogiemouvet.com\/?page_id=6#breadcrumb"},"inLanguage":"en-US","potentialAction":[{"@type":"ReadAction","target":["https:\/\/genealogiemouvet.com\/?page_id=6"]}]},{"@type":"BreadcrumbList","@id":"https:\/\/genealogiemouvet.com\/?page_id=6#breadcrumb","itemListElement":[{"@type":"ListItem","position":1,"name":"Accueil","item":"https:\/\/genealogiemouvet.com\/"},{"@type":"ListItem","position":2,"name":"Qui sommes-nous ?"}]},{"@type":"WebSite","@id":"https:\/\/genealogiemouvet.com\/#website","url":"https:\/\/genealogiemouvet.com\/","name":"genealogiemouvet.com","description":"","potentialAction":[{"@type":"SearchAction","target":{"@type":"EntryPoint","urlTemplate":"https:\/\/genealogiemouvet.com\/?s={search_term_string}"},"query-input":"required name=search_term_string"}],"inLanguage":"en-US"}]}},"_links":{"self":[{"href":"https:\/\/genealogiemouvet.com\/index.php?rest_route=\/wp\/v2\/pages\/6","targetHints":{"allow":["GET"]}}],"collection":[{"href":"https:\/\/genealogiemouvet.com\/index.php?rest_route=\/wp\/v2\/pages"}],"about":[{"href":"https:\/\/genealogiemouvet.com\/index.php?rest_route=\/wp\/v2\/types\/page"}],"author":[{"embeddable":true,"href":"https:\/\/genealogiemouvet.com\/index.php?rest_route=\/wp\/v2\/users\/2"}],"replies":[{"embeddable":true,"href":"https:\/\/genealogiemouvet.com\/index.php?rest_route=%2Fwp%2Fv2%2Fcomments&post=6"}],"version-history":[{"count":5,"href":"https:\/\/genealogiemouvet.com\/index.php?rest_route=\/wp\/v2\/pages\/6\/revisions"}],"predecessor-version":[{"id":1062,"href":"https:\/\/genealogiemouvet.com\/index.php?rest_route=\/wp\/v2\/pages\/6\/revisions\/1062"}],"wp:attachment":[{"href":"https:\/\/genealogiemouvet.com\/index.php?rest_route=%2Fwp%2Fv2%2Fmedia&parent=6"}],"curies":[{"name":"wp","href":"https:\/\/api.w.org\/{rel}","templated":true}]}}