{"id":52,"date":"2024-03-06T21:36:49","date_gmt":"2024-03-06T20:36:49","guid":{"rendered":"https:\/\/genealogiemouvet.com\/?page_id=52"},"modified":"2026-03-11T16:21:14","modified_gmt":"2026-03-11T15:21:14","slug":"repertoire","status":"publish","type":"page","link":"https:\/\/genealogiemouvet.com\/?page_id=52","title":{"rendered":"R\u00e9pertoire"},"content":{"rendered":"\n<div class=\"wp-block-group\"><div class=\"wp-block-group__inner-container is-layout-constrained wp-block-group-is-layout-constrained\">\n<div class=\"wp-block-group\"><div class=\"wp-block-group__inner-container is-layout-constrained wp-block-group-is-layout-constrained\">\n<h2 class=\"wp-block-heading has-text-align-center\">Le patronyme MOUVET \u00e0 partir du XVI<sup>\u00e8me<\/sup>  si\u00e8cle<\/h2>\n\n\n\n<div class=\"wp-block-group\"><div class=\"wp-block-group__inner-container is-layout-constrained wp-block-group-is-layout-constrained\">\n<p class=\"has-text-align-left wp-block-paragraph\">Le classement d\u00e9pend des recherches en cours. Il commence par <strong>L&#8217;arbre principal<\/strong>. L<strong>es patronymes <\/strong>d\u00e9butent par l&#8217;ann\u00e9e de naissance suivi de leur pr\u00e9nom<strong> : ann\u00e9e, pr\u00e9noms (ex : 1943.Yvan )<\/strong> . <strong>Willy Mouvet<\/strong> ajoute des chiffres romains (ex :<strong> I Philippe<\/strong> ou encore <strong>IIbis Maurice<\/strong> ; nous ajoutons l&#8217;ann\u00e9e de naissance: <strong>1535.I Jh\u00e9rosme<\/strong>.). <strong>Les conjoints et apparent\u00e9s<\/strong> sont class\u00e9s par ann\u00e9e, NOM de famille, pr\u00e9nom (ex : <strong>1938.BARBIER Rosa<\/strong>). Voyez les arbres g\u00e9n\u00e9alogiques en cliquant sur les noms r\u00e9f\u00e9renc\u00e9s ci-dessous.<\/p>\n\n\n\n<h2 class=\"wp-block-heading has-text-align-center\">Patronyme Mouvet<\/h2>\n\n\n\n<p class=\"has-text-align-center wp-block-paragraph\"><strong><a href=\"https:\/\/genealogiemouvet.com\/?p=207\">0. L&#8217;arbre principal<\/a><\/strong> <strong><a href=\"https:\/\/genealogiemouvet.com\/?p=979\">10.Lignage de 1520.I Philippe<\/a><\/strong>  <strong><a href=\"https:\/\/genealogiemouvet.com\/?p=1003\">11.Lign\u00e9e de 1535.I Jh\u00e9rosme<\/a><\/strong>   <strong><a href=\"https:\/\/genealogiemouvet.com\/?p=993\">12.Branche de Eppe-Sauvage<\/a><\/strong><\/p>\n\n\n\n<div class=\"wp-block-group alignwide\"><div class=\"wp-block-group__inner-container is-layout-constrained wp-block-group-is-layout-constrained\">\n<p class=\"wp-block-paragraph\"><strong><a href=\"https:\/\/genealogiemouvet.com\/?page_id=187\">1520.I Philippe<\/a><\/strong> <strong><a href=\"https:\/\/genealogiemouvet.com\/?p=238\">1535.I Jh\u00e9rosme<\/a><\/strong> <a href=\"https:\/\/genealogiemouvet.com\/?p=202\"><strong>1545.II Maurice<\/strong><\/a> <a href=\"https:\/\/genealogiemouvet.com\/?p=256\"><strong>1550.Fran\u00e7ois<\/strong><\/a> <strong><a href=\"https:\/\/genealogiemouvet.com\/?p=261\">1575.II Martin<\/a><\/strong> <strong><a href=\"https:\/\/genealogiemouvet.com\/?p=269\">1580.IIbis  Maurice<\/a><\/strong> <strong><a href=\"https:\/\/genealogiemouvet.com\/?p=282\">1590.III Gislain<\/a><\/strong> <strong><a href=\"https:\/\/genealogiemouvet.com\/?p=287\">1600.III Maurice<\/a><\/strong>     <\/p>\n\n\n\n<p class=\"wp-block-paragraph\"><strong><a href=\"https:\/\/genealogiemouvet.com\/?p=313\">1602.IIIbis Nicolas<\/a><\/strong> <strong><a href=\"https:\/\/genealogiemouvet.com\/?p=1220\">1620.Jacques<\/a><\/strong> <strong><a href=\"https:\/\/genealogiemouvet.com\/?p=356\">1625.III Jean<\/a><\/strong> <strong><a href=\"https:\/\/genealogiemouvet.com\/?p=365\">1625.IV Ambroise<\/a><\/strong> <strong><a href=\"https:\/\/genealogiemouvet.com\/?p=380\">1630.IV Charles<\/a><\/strong> <strong><a href=\"https:\/\/genealogiemouvet.com\/?p=384\">1630.IVbis Guislain<\/a><\/strong> <strong><a href=\"https:\/\/genealogiemouvet.com\/?p=396\">1639.IV Maurice<\/a><\/strong> <strong><a href=\"https:\/\/genealogiemouvet.com\/?p=408\">1665.V Maurice<\/a><\/strong> <strong><a href=\"https:\/\/genealogiemouvet.com\/?p=418\">1666.V Roch<\/a><\/strong><\/p>\n\n\n\n<p class=\"wp-block-paragraph\"><strong><a href=\"https:\/\/genealogiemouvet.com\/?p=422\">1672.IV Charles J. E.<\/a><\/strong>   <strong><a href=\"https:\/\/genealogiemouvet.com\/?p=443\">1682.V Jean-Jacques<\/a><\/strong> <strong><a href=\"https:\/\/genealogiemouvet.com\/?p=450\">1695.V Jean Joseph<\/a><\/strong> <strong><a href=\"https:\/\/genealogiemouvet.com\/?p=902\">1698.VI Joseph<\/a><\/strong> <strong><a href=\"https:\/\/genealogiemouvet.com\/?p=461\">1698.VI Servais<\/a><\/strong> <strong><a href=\"https:\/\/genealogiemouvet.com\/?p=426\">1704.Nicolas Joseph<\/a><\/strong> <strong><a href=\"https:\/\/genealogiemouvet.com\/?p=466\">1713.Vbis Bartholom\u00e9 J.<\/a><\/strong> <\/p>\n\n\n\n<p class=\"wp-block-paragraph\"><strong><a href=\"https:\/\/genealogiemouvet.com\/?p=1093\">1738.VII Joseph<\/a><\/strong> <strong><a href=\"https:\/\/genealogiemouvet.com\/?p=511\">1782.Pierre Joseph<\/a><\/strong> <strong><a href=\"https:\/\/genealogiemouvet.com\/?p=523\">1785.Jean Baptiste<\/a><\/strong> <strong><a href=\"https:\/\/genealogiemouvet.com\/?p=531\">1786.Fran\u00e7ois Joseph<\/a><\/strong> <strong><a href=\"https:\/\/genealogiemouvet.com\/?p=917\">1788.VIII Pierre Fran\u00e7ois<\/a><\/strong> <strong><a href=\"https:\/\/genealogiemouvet.com\/?p=478\">1795.Ardenne<\/a><\/strong> <strong><a href=\"https:\/\/genealogiemouvet.com\/?p=924\">1827.IX Th\u00e9odore Joseph<\/a><\/strong> <\/p>\n\n\n\n<p class=\"wp-block-paragraph\"><strong><a href=\"https:\/\/genealogiemouvet.com\/?p=931\">1856.X Achille<\/a><\/strong> <strong><a href=\"https:\/\/genealogiemouvet.com\/?p=538\">1863.Jules Valentin Jph<\/a><\/strong> <strong><a href=\"https:\/\/genealogiemouvet.com\/?p=747\">1865.C\u00e9line Marie J.<\/a><\/strong> <strong><a href=\"https:\/\/genealogiemouvet.com\/?p=837\">1887.Jule<\/a><\/strong>s <strong><a href=\"https:\/\/genealogiemouvet.com\/?p=543\">1892.Gaston<\/a><\/strong> <strong><a href=\"https:\/\/genealogiemouvet.com\/?p=862\">1897.Florent<\/a><\/strong> <strong><a href=\"https:\/\/genealogiemouvet.com\/?p=939\">1912.Maurice<\/a><\/strong> <strong><a href=\"https:\/\/genealogiemouvet.com\/?p=550\">1920.Simonne<\/a><a href=\"https:\/\/genealogiemouvet.com\/?p=577\"> <\/a> <\/strong> <strong> <a href=\"https:\/\/genealogiemouvet.com\/?p=577\">1921.Constant<\/a><\/strong> <\/p>\n\n\n\n<p class=\"wp-block-paragraph\"><strong><a href=\"https:\/\/genealogiemouvet.com\/?p=867\">1927.Willy<\/a><\/strong> <strong><a href=\"https:\/\/genealogiemouvet.com\/?p=883\">1928.Ren\u00e9<\/a><\/strong> <strong><a href=\"https:\/\/genealogiemouvet.com\/?p=953\">1931.Ernest<\/a><\/strong> <strong><a href=\"https:\/\/genealogiemouvet.com\/?p=837\">1914.Jean<\/a><\/strong> <strong><a href=\"https:\/\/genealogiemouvet.com\/?p=993\">1940.Annick <\/a><\/strong> <strong><a href=\"https:\/\/genealogiemouvet.com\/?p=948\">1942.Yves Marie Maurice  <\/a><\/strong> <strong><a href=\"https:\/\/genealogiemouvet.com\/?p=605\">1943.Yvan<\/a><\/strong> <strong><a href=\"https:\/\/genealogiemouvet.com\/?p=627\">1945.Christian<\/a><\/strong> <strong><a href=\"https:\/\/genealogiemouvet.com\/?p=693\">1952.Jean-Marie <\/a><\/strong><\/p>\n\n\n\n<p class=\"wp-block-paragraph\"><strong><a href=\"https:\/\/genealogiemouvet.com\/?p=939\">1966.Yvelise <\/a><\/strong> <strong><a href=\"https:\/\/genealogiemouvet.com\/?p=965\">1977.Ingrid<\/a><\/strong> <strong><a href=\"https:\/\/genealogiemouvet.com\/?p=667\">1979.Katia<\/a><\/strong> <strong><a href=\"https:\/\/genealogiemouvet.com\/?p=755\">1995.Floren<\/a><\/strong>t <strong><a href=\"https:\/\/genealogiemouvet.com\/?p=605\">1998.Camille<\/a><\/strong> <strong><a href=\"https:\/\/genealogiemouvet.com\/?p=605\">1999. Colin<\/a><\/strong> <br><\/p>\n\n\n\n<h2 class=\"wp-block-heading\">Conjoints et apparent\u00e9s<\/h2>\n\n\n\n<p class=\"wp-block-paragraph\"><strong><a href=\"https:\/\/genealogiemouvet.com\/?p=605\">1938.BARBIER Rosa<\/a><\/strong> <strong><a href=\"https:\/\/genealogiemouvet.com\/?p=674\">1944.FORTON Claudette<\/a><\/strong> <strong><a href=\"https:\/\/genealogiemouvet.com\/?p=605\">1961.BESOHE Maryse<\/a><\/strong> <strong><a href=\"https:\/\/genealogiemouvet.com\/?p=667\">1979.CLEUREN Geert<\/a><\/strong> <strong><a href=\"https:\/\/genealogiemouvet.com\/?p=872\">1959.POFFE Catherine<\/a><\/strong> <strong><a href=\"https:\/\/genealogiemouvet.com\/?p=747\">1934.GERAIN Ghislaine<\/a><\/strong><\/p>\n\n\n\n<p class=\"wp-block-paragraph\">&nbsp; &nbsp; &nbsp; &nbsp; &nbsp; &nbsp;<\/p>\n<\/div><\/div>\n<\/div><\/div>\n<\/div><\/div>\n<\/div><\/div>\n\n\n\n<h2 class=\"wp-block-heading\"><\/h2>\n\n\n\n<p class=\"wp-block-paragraph\"><\/p>\n","protected":false},"excerpt":{"rendered":"<p>Le patronyme MOUVET \u00e0 partir du XVI\u00e8me si\u00e8cle Le classement d\u00e9pend des recherches en cours. Il commence par L&#8217;arbre principal. Les patronymes d\u00e9butent par l&#8217;ann\u00e9e de naissance suivi de leur pr\u00e9nom : ann\u00e9e, pr\u00e9noms (ex : 1943.Yvan ) . Willy Mouvet ajoute des chiffres romains (ex : I Philippe ou encore IIbis Maurice ; nous&#8230;<\/p>\n","protected":false},"author":2,"featured_media":0,"parent":0,"menu_order":0,"comment_status":"closed","ping_status":"closed","template":"","meta":{"_crdt_document":"","_kad_post_transparent":"","_kad_post_title":"","_kad_post_layout":"fullwidth","_kad_post_sidebar_id":"","_kad_post_content_style":"","_kad_post_vertical_padding":"","_kad_post_feature":"","_kad_post_feature_position":"","_kad_post_header":false,"_kad_post_footer":false,"footnotes":""},"class_list":["post-52","page","type-page","status-publish","hentry"],"yoast_head":"<!-- This site is optimized with the Yoast SEO plugin v22.2 - https:\/\/yoast.com\/wordpress\/plugins\/seo\/ -->\n<title>R\u00e9pertoire - genealogiemouvet.com<\/title>\n<meta name=\"robots\" content=\"index, follow, max-snippet:-1, max-image-preview:large, max-video-preview:-1\" \/>\n<link rel=\"canonical\" href=\"https:\/\/genealogiemouvet.com\/?page_id=52\" \/>\n<meta property=\"og:locale\" content=\"en_US\" \/>\n<meta property=\"og:type\" content=\"article\" \/>\n<meta property=\"og:title\" content=\"R\u00e9pertoire - genealogiemouvet.com\" \/>\n<meta property=\"og:description\" content=\"Le patronyme MOUVET \u00e0 partir du XVI\u00e8me si\u00e8cle Le classement d\u00e9pend des recherches en cours. Il commence par L&#8217;arbre principal. Les patronymes d\u00e9butent par l&#8217;ann\u00e9e de naissance suivi de leur pr\u00e9nom : ann\u00e9e, pr\u00e9noms (ex : 1943.Yvan ) . Willy Mouvet ajoute des chiffres romains (ex : I Philippe ou encore IIbis Maurice ; nous...\" \/>\n<meta property=\"og:url\" content=\"https:\/\/genealogiemouvet.com\/?page_id=52\" \/>\n<meta property=\"og:site_name\" content=\"genealogiemouvet.com\" \/>\n<meta property=\"article:modified_time\" content=\"2026-03-11T15:21:14+00:00\" \/>\n<meta name=\"twitter:card\" content=\"summary_large_image\" \/>\n<meta name=\"twitter:label1\" content=\"Est. reading time\" \/>\n\t<meta name=\"twitter:data1\" content=\"1 minute\" \/>\n<script type=\"application\/ld+json\" class=\"yoast-schema-graph\">{\"@context\":\"https:\/\/schema.org\",\"@graph\":[{\"@type\":\"WebPage\",\"@id\":\"https:\/\/genealogiemouvet.com\/?page_id=52\",\"url\":\"https:\/\/genealogiemouvet.com\/?page_id=52\",\"name\":\"R\u00e9pertoire - genealogiemouvet.com\",\"isPartOf\":{\"@id\":\"https:\/\/genealogiemouvet.com\/#website\"},\"datePublished\":\"2024-03-06T20:36:49+00:00\",\"dateModified\":\"2026-03-11T15:21:14+00:00\",\"breadcrumb\":{\"@id\":\"https:\/\/genealogiemouvet.com\/?page_id=52#breadcrumb\"},\"inLanguage\":\"en-US\",\"potentialAction\":[{\"@type\":\"ReadAction\",\"target\":[\"https:\/\/genealogiemouvet.com\/?page_id=52\"]}]},{\"@type\":\"BreadcrumbList\",\"@id\":\"https:\/\/genealogiemouvet.com\/?page_id=52#breadcrumb\",\"itemListElement\":[{\"@type\":\"ListItem\",\"position\":1,\"name\":\"Accueil\",\"item\":\"https:\/\/genealogiemouvet.com\/\"},{\"@type\":\"ListItem\",\"position\":2,\"name\":\"R\u00e9pertoire\"}]},{\"@type\":\"WebSite\",\"@id\":\"https:\/\/genealogiemouvet.com\/#website\",\"url\":\"https:\/\/genealogiemouvet.com\/\",\"name\":\"genealogiemouvet.com\",\"description\":\"\",\"potentialAction\":[{\"@type\":\"SearchAction\",\"target\":{\"@type\":\"EntryPoint\",\"urlTemplate\":\"https:\/\/genealogiemouvet.com\/?s={search_term_string}\"},\"query-input\":\"required name=search_term_string\"}],\"inLanguage\":\"en-US\"}]}<\/script>\n<!-- \/ Yoast SEO plugin. -->","yoast_head_json":{"title":"R\u00e9pertoire - genealogiemouvet.com","robots":{"index":"index","follow":"follow","max-snippet":"max-snippet:-1","max-image-preview":"max-image-preview:large","max-video-preview":"max-video-preview:-1"},"canonical":"https:\/\/genealogiemouvet.com\/?page_id=52","og_locale":"en_US","og_type":"article","og_title":"R\u00e9pertoire - genealogiemouvet.com","og_description":"Le patronyme MOUVET \u00e0 partir du XVI\u00e8me si\u00e8cle Le classement d\u00e9pend des recherches en cours. Il commence par L&#8217;arbre principal. Les patronymes d\u00e9butent par l&#8217;ann\u00e9e de naissance suivi de leur pr\u00e9nom : ann\u00e9e, pr\u00e9noms (ex : 1943.Yvan ) . Willy Mouvet ajoute des chiffres romains (ex : I Philippe ou encore IIbis Maurice ; nous...","og_url":"https:\/\/genealogiemouvet.com\/?page_id=52","og_site_name":"genealogiemouvet.com","article_modified_time":"2026-03-11T15:21:14+00:00","twitter_card":"summary_large_image","twitter_misc":{"Est. reading time":"1 minute"},"schema":{"@context":"https:\/\/schema.org","@graph":[{"@type":"WebPage","@id":"https:\/\/genealogiemouvet.com\/?page_id=52","url":"https:\/\/genealogiemouvet.com\/?page_id=52","name":"R\u00e9pertoire - genealogiemouvet.com","isPartOf":{"@id":"https:\/\/genealogiemouvet.com\/#website"},"datePublished":"2024-03-06T20:36:49+00:00","dateModified":"2026-03-11T15:21:14+00:00","breadcrumb":{"@id":"https:\/\/genealogiemouvet.com\/?page_id=52#breadcrumb"},"inLanguage":"en-US","potentialAction":[{"@type":"ReadAction","target":["https:\/\/genealogiemouvet.com\/?page_id=52"]}]},{"@type":"BreadcrumbList","@id":"https:\/\/genealogiemouvet.com\/?page_id=52#breadcrumb","itemListElement":[{"@type":"ListItem","position":1,"name":"Accueil","item":"https:\/\/genealogiemouvet.com\/"},{"@type":"ListItem","position":2,"name":"R\u00e9pertoire"}]},{"@type":"WebSite","@id":"https:\/\/genealogiemouvet.com\/#website","url":"https:\/\/genealogiemouvet.com\/","name":"genealogiemouvet.com","description":"","potentialAction":[{"@type":"SearchAction","target":{"@type":"EntryPoint","urlTemplate":"https:\/\/genealogiemouvet.com\/?s={search_term_string}"},"query-input":"required name=search_term_string"}],"inLanguage":"en-US"}]}},"_links":{"self":[{"href":"https:\/\/genealogiemouvet.com\/index.php?rest_route=\/wp\/v2\/pages\/52","targetHints":{"allow":["GET"]}}],"collection":[{"href":"https:\/\/genealogiemouvet.com\/index.php?rest_route=\/wp\/v2\/pages"}],"about":[{"href":"https:\/\/genealogiemouvet.com\/index.php?rest_route=\/wp\/v2\/types\/page"}],"author":[{"embeddable":true,"href":"https:\/\/genealogiemouvet.com\/index.php?rest_route=\/wp\/v2\/users\/2"}],"replies":[{"embeddable":true,"href":"https:\/\/genealogiemouvet.com\/index.php?rest_route=%2Fwp%2Fv2%2Fcomments&post=52"}],"version-history":[{"count":141,"href":"https:\/\/genealogiemouvet.com\/index.php?rest_route=\/wp\/v2\/pages\/52\/revisions"}],"predecessor-version":[{"id":1241,"href":"https:\/\/genealogiemouvet.com\/index.php?rest_route=\/wp\/v2\/pages\/52\/revisions\/1241"}],"wp:attachment":[{"href":"https:\/\/genealogiemouvet.com\/index.php?rest_route=%2Fwp%2Fv2%2Fmedia&parent=52"}],"curies":[{"name":"wp","href":"https:\/\/api.w.org\/{rel}","templated":true}]}}