{"id":42,"date":"2024-03-06T21:31:14","date_gmt":"2024-03-06T20:31:14","guid":{"rendered":"https:\/\/genealogiemouvet.com\/?page_id=42"},"modified":"2026-03-26T11:55:55","modified_gmt":"2026-03-26T10:55:55","slug":"accueil","status":"publish","type":"page","link":"https:\/\/genealogiemouvet.com\/","title":{"rendered":"INTRODUCTION"},"content":{"rendered":"\n<h1 class=\"wp-block-heading has-text-align-center\">Le patronyme &#8220;Mouvet&#8221;<\/h1>\n\n\n\n<h3 class=\"wp-block-heading\">Origine en Belgique<\/h3>\n\n\n\n<div class=\"wp-block-group\"><div class=\"wp-block-group__inner-container is-layout-constrained wp-block-group-is-layout-constrained\">\n<p class=\"wp-block-paragraph\">Le docteur<strong> Willy Mouvet<\/strong> et son \u00e9pouse <strong>Ghislaine De Roubaix<\/strong> licenci\u00e9e en histoire\u00a0ont travaill\u00e9 sur la p\u00e9riode pr\u00e9c\u00e9dant la r\u00e9volution fran\u00e7aise de 1789. Commen\u00e7ant leurs recherches en province de <strong>Namur<\/strong> ils ont \u00e9tudi\u00e9 le patronyme dans les archives belges et pr\u00e9sent\u00e9 leurs r\u00e9sultats dans l\u2019<em>INTERMEDIAIRE DES GENEALOGISTES<\/em>, num\u00e9ros 267 &amp; 268, mai \u00e0 ao\u00fbt 1990, <strong>Bruxelles<\/strong>, portant comme titre:<em> <strong>&#8220;La famille Mouvet dans l\u2019Entre-Sambre-et-Meuse sous l\u2019ancien r\u00e9gime&#8221;<\/strong><\/em>. Dans un autre article paru dans la m\u00eame revue, n\u00b0 356 de mars-avril 2005, <strong>Willy Mouvet<\/strong> a publi\u00e9 un compl\u00e9ment \u00e0 notre g\u00e9n\u00e9alogie dans lequel il remercie <strong>Mme Yvelise Ott-Mouvet<\/strong> pour sa contribution \u00e0 l&#8217;\u00e9tude de la branche fran\u00e7aise d&#8217;<strong>Eppe-Sauvage<\/strong> descendant de la <strong><em>Lign\u00e9e de Philippe Mouvet<\/em><\/strong> par un fils de <strong>Roch<\/strong>: <strong>1698.VI Joseph<\/strong> sans oublier les travaux de<strong> M. Bertrand LAFONTAINE<\/strong> publi\u00e9 dans<em> Le PARCHEMIN<\/em> n\u00b0 345, 2003 (consultez nos REFERENCES). <\/p>\n<\/div><\/div>\n\n\n\n<p class=\"wp-block-paragraph\"><strong>Ren\u00e9 Mouvet<\/strong>, son cousin, et son \u00e9pouse <strong>Alberte Baudrez<\/strong> se sont charg\u00e9s principalement des registres paroissiaux et communaux au XIXe et au\u00a0XXe si\u00e8cle. <strong>Christian MOUVET<\/strong> a r\u00e9alis\u00e9 un arbre g\u00e9n\u00e9alogique au format Excel avec ces donn\u00e9es. <strong>Yvan MOUVET<\/strong>, fr\u00e8re de<strong> Christian<\/strong>, a poursuivi ce travail avec ses enfants en d\u00e9veloppant ce site \u00e9largit aux filles, aux femmes, aux \u00e9pouses , \u00e0 leurs maris, compagnes ou compagnons et aux enfants descendants de ces derniers.<\/p>\n\n\n\n<p class=\"wp-block-paragraph\">Les fruits produits par cet arbre sont devenus, au-del\u00e0 des si\u00e8cles parcourus, un pr\u00e9cieux\u00a0<strong>talisman<\/strong>, un t\u00e9moignage de vie. Cette aventure doit continuer et les nouvelles g\u00e9n\u00e9rations porteront ce flambeau \u00e0 la m\u00e9moire de nos anc\u00eatres.<\/p>\n\n\n\n<p class=\"has-text-align-center wp-block-paragraph\"><strong>Une vision symbolique de l&#8217;Entre-Sambre-et-Meuse. Cinq arbres et chevaux \u00e0 Gerpinnes, Sartia le 23.04.2004.<\/strong><\/p>\n\n\n<div class=\"wp-block-image\">\n<figure class=\"aligncenter size-full is-resized\"><img loading=\"lazy\" decoding=\"async\" width=\"633\" height=\"481\" src=\"https:\/\/genealogiemouvet.com\/wp-content\/uploads\/2024\/03\/image01.jpg\" alt=\"\" class=\"wp-image-26\" style=\"width:633px;height:auto\" srcset=\"https:\/\/genealogiemouvet.com\/wp-content\/uploads\/2024\/03\/image01.jpg 633w, https:\/\/genealogiemouvet.com\/wp-content\/uploads\/2024\/03\/image01-300x228.jpg 300w\" sizes=\"auto, (max-width: 633px) 100vw, 633px\" \/><\/figure>\n<\/div>\n\n\n<p class=\"has-text-align-center wp-block-paragraph\"><strong>Namur en Belgique, capitale de la R\u00e9gion wallonne au confluent de la Sambre et de la Meuse. <\/strong><\/p>\n\n\n\n<p class=\"has-text-align-center wp-block-paragraph\"><strong>Vue sur le ch\u00e2teau des Comtes, la citadelle et le parlement wallon.<\/strong><\/p>\n\n\n<div class=\"wp-block-image\">\n<figure class=\"aligncenter size-full\"><img loading=\"lazy\" decoding=\"async\" width=\"636\" height=\"475\" src=\"https:\/\/genealogiemouvet.com\/wp-content\/uploads\/2024\/03\/image02.jpg\" alt=\"\" class=\"wp-image-27\" srcset=\"https:\/\/genealogiemouvet.com\/wp-content\/uploads\/2024\/03\/image02.jpg 636w, https:\/\/genealogiemouvet.com\/wp-content\/uploads\/2024\/03\/image02-300x224.jpg 300w\" sizes=\"auto, (max-width: 636px) 100vw, 636px\" \/><\/figure>\n<\/div>\n\n\n<p class=\"wp-block-paragraph\"><\/p>\n","protected":false},"excerpt":{"rendered":"<p>Le patronyme &#8220;Mouvet&#8221; Origine en Belgique Le docteur Willy Mouvet et son \u00e9pouse Ghislaine De Roubaix licenci\u00e9e en histoire\u00a0ont travaill\u00e9 sur la p\u00e9riode pr\u00e9c\u00e9dant la r\u00e9volution fran\u00e7aise de 1789. Commen\u00e7ant leurs recherches en province de Namur ils ont \u00e9tudi\u00e9 le patronyme dans les archives belges et pr\u00e9sent\u00e9 leurs r\u00e9sultats dans l\u2019INTERMEDIAIRE DES GENEALOGISTES, num\u00e9ros 267&#8230;<\/p>\n","protected":false},"author":2,"featured_media":0,"parent":0,"menu_order":0,"comment_status":"closed","ping_status":"closed","template":"","meta":{"_crdt_document":"","_kad_post_transparent":"","_kad_post_title":"default","_kad_post_layout":"normal","_kad_post_sidebar_id":"","_kad_post_content_style":"","_kad_post_vertical_padding":"","_kad_post_feature":"","_kad_post_feature_position":"","_kad_post_header":false,"_kad_post_footer":false,"footnotes":""},"class_list":["post-42","page","type-page","status-publish","hentry"],"yoast_head":"<!-- This site is optimized with the Yoast SEO plugin v22.2 - https:\/\/yoast.com\/wordpress\/plugins\/seo\/ -->\n<title>genealogiemouvet.com - genealogiemouvet.com<\/title>\n<meta name=\"robots\" content=\"index, follow, max-snippet:-1, max-image-preview:large, max-video-preview:-1\" \/>\n<link rel=\"canonical\" href=\"https:\/\/genealogiemouvet.com\/\" \/>\n<meta property=\"og:locale\" content=\"en_US\" \/>\n<meta property=\"og:type\" content=\"article\" \/>\n<meta property=\"og:title\" content=\"genealogiemouvet.com - genealogiemouvet.com\" \/>\n<meta property=\"og:description\" content=\"Le patronyme &#8220;Mouvet&#8221; Origine en Belgique Le docteur Willy Mouvet et son \u00e9pouse Ghislaine De Roubaix licenci\u00e9e en histoire\u00a0ont travaill\u00e9 sur la p\u00e9riode pr\u00e9c\u00e9dant la r\u00e9volution fran\u00e7aise de 1789. Commen\u00e7ant leurs recherches en province de Namur ils ont \u00e9tudi\u00e9 le patronyme dans les archives belges et pr\u00e9sent\u00e9 leurs r\u00e9sultats dans l\u2019INTERMEDIAIRE DES GENEALOGISTES, num\u00e9ros 267...\" \/>\n<meta property=\"og:url\" content=\"https:\/\/genealogiemouvet.com\/\" \/>\n<meta property=\"og:site_name\" content=\"genealogiemouvet.com\" \/>\n<meta property=\"article:modified_time\" content=\"2026-03-26T10:55:55+00:00\" \/>\n<meta property=\"og:image\" content=\"https:\/\/genealogiemouvet.com\/wp-content\/uploads\/2024\/03\/image01.jpg\" \/>\n<meta name=\"twitter:card\" content=\"summary_large_image\" \/>\n<meta name=\"twitter:label1\" content=\"Est. reading time\" \/>\n\t<meta name=\"twitter:data1\" content=\"2 minutes\" \/>\n<script type=\"application\/ld+json\" class=\"yoast-schema-graph\">{\"@context\":\"https:\/\/schema.org\",\"@graph\":[{\"@type\":\"WebPage\",\"@id\":\"https:\/\/genealogiemouvet.com\/\",\"url\":\"https:\/\/genealogiemouvet.com\/\",\"name\":\"genealogiemouvet.com - genealogiemouvet.com\",\"isPartOf\":{\"@id\":\"https:\/\/genealogiemouvet.com\/#website\"},\"primaryImageOfPage\":{\"@id\":\"https:\/\/genealogiemouvet.com\/#primaryimage\"},\"image\":{\"@id\":\"https:\/\/genealogiemouvet.com\/#primaryimage\"},\"thumbnailUrl\":\"https:\/\/genealogiemouvet.com\/wp-content\/uploads\/2024\/03\/image01.jpg\",\"datePublished\":\"2024-03-06T20:31:14+00:00\",\"dateModified\":\"2026-03-26T10:55:55+00:00\",\"breadcrumb\":{\"@id\":\"https:\/\/genealogiemouvet.com\/#breadcrumb\"},\"inLanguage\":\"en-US\",\"potentialAction\":[{\"@type\":\"ReadAction\",\"target\":[\"https:\/\/genealogiemouvet.com\/\"]}]},{\"@type\":\"ImageObject\",\"inLanguage\":\"en-US\",\"@id\":\"https:\/\/genealogiemouvet.com\/#primaryimage\",\"url\":\"https:\/\/genealogiemouvet.com\/wp-content\/uploads\/2024\/03\/image01.jpg\",\"contentUrl\":\"https:\/\/genealogiemouvet.com\/wp-content\/uploads\/2024\/03\/image01.jpg\",\"width\":633,\"height\":481},{\"@type\":\"BreadcrumbList\",\"@id\":\"https:\/\/genealogiemouvet.com\/#breadcrumb\",\"itemListElement\":[{\"@type\":\"ListItem\",\"position\":1,\"name\":\"Accueil\",\"item\":\"https:\/\/genealogiemouvet.com\/\"},{\"@type\":\"ListItem\",\"position\":2,\"name\":\"INTRODUCTION\"}]},{\"@type\":\"WebSite\",\"@id\":\"https:\/\/genealogiemouvet.com\/#website\",\"url\":\"https:\/\/genealogiemouvet.com\/\",\"name\":\"genealogiemouvet.com\",\"description\":\"\",\"potentialAction\":[{\"@type\":\"SearchAction\",\"target\":{\"@type\":\"EntryPoint\",\"urlTemplate\":\"https:\/\/genealogiemouvet.com\/?s={search_term_string}\"},\"query-input\":\"required name=search_term_string\"}],\"inLanguage\":\"en-US\"}]}<\/script>\n<!-- \/ Yoast SEO plugin. -->","yoast_head_json":{"title":"genealogiemouvet.com - genealogiemouvet.com","robots":{"index":"index","follow":"follow","max-snippet":"max-snippet:-1","max-image-preview":"max-image-preview:large","max-video-preview":"max-video-preview:-1"},"canonical":"https:\/\/genealogiemouvet.com\/","og_locale":"en_US","og_type":"article","og_title":"genealogiemouvet.com - genealogiemouvet.com","og_description":"Le patronyme &#8220;Mouvet&#8221; Origine en Belgique Le docteur Willy Mouvet et son \u00e9pouse Ghislaine De Roubaix licenci\u00e9e en histoire\u00a0ont travaill\u00e9 sur la p\u00e9riode pr\u00e9c\u00e9dant la r\u00e9volution fran\u00e7aise de 1789. Commen\u00e7ant leurs recherches en province de Namur ils ont \u00e9tudi\u00e9 le patronyme dans les archives belges et pr\u00e9sent\u00e9 leurs r\u00e9sultats dans l\u2019INTERMEDIAIRE DES GENEALOGISTES, num\u00e9ros 267...","og_url":"https:\/\/genealogiemouvet.com\/","og_site_name":"genealogiemouvet.com","article_modified_time":"2026-03-26T10:55:55+00:00","og_image":[{"url":"https:\/\/genealogiemouvet.com\/wp-content\/uploads\/2024\/03\/image01.jpg"}],"twitter_card":"summary_large_image","twitter_misc":{"Est. reading time":"2 minutes"},"schema":{"@context":"https:\/\/schema.org","@graph":[{"@type":"WebPage","@id":"https:\/\/genealogiemouvet.com\/","url":"https:\/\/genealogiemouvet.com\/","name":"genealogiemouvet.com - genealogiemouvet.com","isPartOf":{"@id":"https:\/\/genealogiemouvet.com\/#website"},"primaryImageOfPage":{"@id":"https:\/\/genealogiemouvet.com\/#primaryimage"},"image":{"@id":"https:\/\/genealogiemouvet.com\/#primaryimage"},"thumbnailUrl":"https:\/\/genealogiemouvet.com\/wp-content\/uploads\/2024\/03\/image01.jpg","datePublished":"2024-03-06T20:31:14+00:00","dateModified":"2026-03-26T10:55:55+00:00","breadcrumb":{"@id":"https:\/\/genealogiemouvet.com\/#breadcrumb"},"inLanguage":"en-US","potentialAction":[{"@type":"ReadAction","target":["https:\/\/genealogiemouvet.com\/"]}]},{"@type":"ImageObject","inLanguage":"en-US","@id":"https:\/\/genealogiemouvet.com\/#primaryimage","url":"https:\/\/genealogiemouvet.com\/wp-content\/uploads\/2024\/03\/image01.jpg","contentUrl":"https:\/\/genealogiemouvet.com\/wp-content\/uploads\/2024\/03\/image01.jpg","width":633,"height":481},{"@type":"BreadcrumbList","@id":"https:\/\/genealogiemouvet.com\/#breadcrumb","itemListElement":[{"@type":"ListItem","position":1,"name":"Accueil","item":"https:\/\/genealogiemouvet.com\/"},{"@type":"ListItem","position":2,"name":"INTRODUCTION"}]},{"@type":"WebSite","@id":"https:\/\/genealogiemouvet.com\/#website","url":"https:\/\/genealogiemouvet.com\/","name":"genealogiemouvet.com","description":"","potentialAction":[{"@type":"SearchAction","target":{"@type":"EntryPoint","urlTemplate":"https:\/\/genealogiemouvet.com\/?s={search_term_string}"},"query-input":"required name=search_term_string"}],"inLanguage":"en-US"}]}},"_links":{"self":[{"href":"https:\/\/genealogiemouvet.com\/index.php?rest_route=\/wp\/v2\/pages\/42","targetHints":{"allow":["GET"]}}],"collection":[{"href":"https:\/\/genealogiemouvet.com\/index.php?rest_route=\/wp\/v2\/pages"}],"about":[{"href":"https:\/\/genealogiemouvet.com\/index.php?rest_route=\/wp\/v2\/types\/page"}],"author":[{"embeddable":true,"href":"https:\/\/genealogiemouvet.com\/index.php?rest_route=\/wp\/v2\/users\/2"}],"replies":[{"embeddable":true,"href":"https:\/\/genealogiemouvet.com\/index.php?rest_route=%2Fwp%2Fv2%2Fcomments&post=42"}],"version-history":[{"count":16,"href":"https:\/\/genealogiemouvet.com\/index.php?rest_route=\/wp\/v2\/pages\/42\/revisions"}],"predecessor-version":[{"id":1252,"href":"https:\/\/genealogiemouvet.com\/index.php?rest_route=\/wp\/v2\/pages\/42\/revisions\/1252"}],"wp:attachment":[{"href":"https:\/\/genealogiemouvet.com\/index.php?rest_route=%2Fwp%2Fv2%2Fmedia&parent=42"}],"curies":[{"name":"wp","href":"https:\/\/api.w.org\/{rel}","templated":true}]}}