{"id":187,"date":"2024-03-14T20:13:18","date_gmt":"2024-03-14T19:13:18","guid":{"rendered":"https:\/\/genealogiemouvet.com\/?page_id=187"},"modified":"2024-12-19T23:14:56","modified_gmt":"2024-12-19T22:14:56","slug":"ceci-est-la-page-5-1520-i-philippe","status":"publish","type":"page","link":"https:\/\/genealogiemouvet.com\/?page_id=187","title":{"rendered":"1520.I Philippe"},"content":{"rendered":"\n<p class=\"wp-block-paragraph\"><strong>1520.I Philippe p. 115<\/strong> (Interm\u00e9diaire)<\/p>\n\n\n\n<p class=\"wp-block-paragraph\">La date de naissance de Philippe ainsi que son d\u00e9c\u00e8s sont incertains. Philippe appara\u00eet dans un certain nombre de transactions d&#8217;o\u00f9 nous d\u00e9duisons que son p\u00e8re devait s&#8217;appeler Philippe lui aussi et, d&#8217;autre part, nous savons qu&#8217;il avait un fr\u00e8re nomm\u00e9 Maurice d\u00e9c\u00e9d\u00e9 avant 1571 sans h\u00e9ritiers.<\/p>\n\n\n\n<p class=\"wp-block-paragraph\">Le nom de son \u00e9pouse n&#8217;est pas connu mais il a eu deux enfants&nbsp;: <strong><a href=\"https:\/\/genealogiemouvet.com\/?p=202\">1545.II Maurice<\/a><\/strong> r\u00e9pertori\u00e9s plus loin et une fille dont nous ignorons le nom. Voyez le tableau<a href=\"https:\/\/genealogiemouvet.com\/?attachment_id=123\">&nbsp;<\/a>ci-dessous.<\/p>\n\n\n\n<figure class=\"wp-block-image size-full\"><img loading=\"lazy\" decoding=\"async\" width=\"913\" height=\"1021\" src=\"https:\/\/genealogiemouvet.com\/wp-content\/uploads\/2024\/12\/1520.I-Philippe.png\" alt=\"\" class=\"wp-image-1139\" srcset=\"https:\/\/genealogiemouvet.com\/wp-content\/uploads\/2024\/12\/1520.I-Philippe.png 913w, https:\/\/genealogiemouvet.com\/wp-content\/uploads\/2024\/12\/1520.I-Philippe-268x300.png 268w, https:\/\/genealogiemouvet.com\/wp-content\/uploads\/2024\/12\/1520.I-Philippe-768x859.png 768w\" sizes=\"auto, (max-width: 913px) 100vw, 913px\" \/><\/figure>\n","protected":false},"excerpt":{"rendered":"<p>1520.I Philippe p. 115 (Interm\u00e9diaire) La date de naissance de Philippe ainsi que son d\u00e9c\u00e8s sont incertains. Philippe appara\u00eet dans un certain nombre de transactions d&#8217;o\u00f9 nous d\u00e9duisons que son p\u00e8re devait s&#8217;appeler Philippe lui aussi et, d&#8217;autre part, nous savons qu&#8217;il avait un fr\u00e8re nomm\u00e9 Maurice d\u00e9c\u00e9d\u00e9 avant 1571 sans h\u00e9ritiers. Le nom de&#8230;<\/p>\n","protected":false},"author":2,"featured_media":0,"parent":52,"menu_order":0,"comment_status":"closed","ping_status":"closed","template":"","meta":{"_crdt_document":"","_kad_post_transparent":"","_kad_post_title":"","_kad_post_layout":"fullwidth","_kad_post_sidebar_id":"","_kad_post_content_style":"","_kad_post_vertical_padding":"","_kad_post_feature":"","_kad_post_feature_position":"","_kad_post_header":false,"_kad_post_footer":false,"footnotes":""},"class_list":["post-187","page","type-page","status-publish","hentry"],"yoast_head":"<!-- This site is optimized with the Yoast SEO plugin v22.2 - https:\/\/yoast.com\/wordpress\/plugins\/seo\/ -->\n<title>1520.I Philippe - genealogiemouvet.com<\/title>\n<meta name=\"robots\" content=\"index, follow, max-snippet:-1, max-image-preview:large, max-video-preview:-1\" \/>\n<link rel=\"canonical\" href=\"https:\/\/genealogiemouvet.com\/?page_id=187\" \/>\n<meta property=\"og:locale\" content=\"en_US\" \/>\n<meta property=\"og:type\" content=\"article\" \/>\n<meta property=\"og:title\" content=\"1520.I Philippe - genealogiemouvet.com\" \/>\n<meta property=\"og:description\" content=\"1520.I Philippe p. 115 (Interm\u00e9diaire) La date de naissance de Philippe ainsi que son d\u00e9c\u00e8s sont incertains. Philippe appara\u00eet dans un certain nombre de transactions d&#8217;o\u00f9 nous d\u00e9duisons que son p\u00e8re devait s&#8217;appeler Philippe lui aussi et, d&#8217;autre part, nous savons qu&#8217;il avait un fr\u00e8re nomm\u00e9 Maurice d\u00e9c\u00e9d\u00e9 avant 1571 sans h\u00e9ritiers. Le nom de...\" \/>\n<meta property=\"og:url\" content=\"https:\/\/genealogiemouvet.com\/?page_id=187\" \/>\n<meta property=\"og:site_name\" content=\"genealogiemouvet.com\" \/>\n<meta property=\"article:modified_time\" content=\"2024-12-19T22:14:56+00:00\" \/>\n<meta property=\"og:image\" content=\"https:\/\/genealogiemouvet.com\/wp-content\/uploads\/2024\/12\/1520.I-Philippe.png\" \/>\n<meta name=\"twitter:card\" content=\"summary_large_image\" \/>\n<meta name=\"twitter:label1\" content=\"Est. reading time\" \/>\n\t<meta name=\"twitter:data1\" content=\"1 minute\" \/>\n<script type=\"application\/ld+json\" class=\"yoast-schema-graph\">{\"@context\":\"https:\/\/schema.org\",\"@graph\":[{\"@type\":\"WebPage\",\"@id\":\"https:\/\/genealogiemouvet.com\/?page_id=187\",\"url\":\"https:\/\/genealogiemouvet.com\/?page_id=187\",\"name\":\"1520.I Philippe - genealogiemouvet.com\",\"isPartOf\":{\"@id\":\"https:\/\/genealogiemouvet.com\/#website\"},\"primaryImageOfPage\":{\"@id\":\"https:\/\/genealogiemouvet.com\/?page_id=187#primaryimage\"},\"image\":{\"@id\":\"https:\/\/genealogiemouvet.com\/?page_id=187#primaryimage\"},\"thumbnailUrl\":\"https:\/\/genealogiemouvet.com\/wp-content\/uploads\/2024\/12\/1520.I-Philippe.png\",\"datePublished\":\"2024-03-14T19:13:18+00:00\",\"dateModified\":\"2024-12-19T22:14:56+00:00\",\"breadcrumb\":{\"@id\":\"https:\/\/genealogiemouvet.com\/?page_id=187#breadcrumb\"},\"inLanguage\":\"en-US\",\"potentialAction\":[{\"@type\":\"ReadAction\",\"target\":[\"https:\/\/genealogiemouvet.com\/?page_id=187\"]}]},{\"@type\":\"ImageObject\",\"inLanguage\":\"en-US\",\"@id\":\"https:\/\/genealogiemouvet.com\/?page_id=187#primaryimage\",\"url\":\"https:\/\/genealogiemouvet.com\/wp-content\/uploads\/2024\/12\/1520.I-Philippe.png\",\"contentUrl\":\"https:\/\/genealogiemouvet.com\/wp-content\/uploads\/2024\/12\/1520.I-Philippe.png\",\"width\":913,\"height\":1021},{\"@type\":\"BreadcrumbList\",\"@id\":\"https:\/\/genealogiemouvet.com\/?page_id=187#breadcrumb\",\"itemListElement\":[{\"@type\":\"ListItem\",\"position\":1,\"name\":\"Accueil\",\"item\":\"https:\/\/genealogiemouvet.com\/\"},{\"@type\":\"ListItem\",\"position\":2,\"name\":\"R\u00e9pertoire\",\"item\":\"https:\/\/genealogiemouvet.com\/?page_id=52\"},{\"@type\":\"ListItem\",\"position\":3,\"name\":\"1520.I Philippe\"}]},{\"@type\":\"WebSite\",\"@id\":\"https:\/\/genealogiemouvet.com\/#website\",\"url\":\"https:\/\/genealogiemouvet.com\/\",\"name\":\"genealogiemouvet.com\",\"description\":\"\",\"potentialAction\":[{\"@type\":\"SearchAction\",\"target\":{\"@type\":\"EntryPoint\",\"urlTemplate\":\"https:\/\/genealogiemouvet.com\/?s={search_term_string}\"},\"query-input\":\"required name=search_term_string\"}],\"inLanguage\":\"en-US\"}]}<\/script>\n<!-- \/ Yoast SEO plugin. -->","yoast_head_json":{"title":"1520.I Philippe - genealogiemouvet.com","robots":{"index":"index","follow":"follow","max-snippet":"max-snippet:-1","max-image-preview":"max-image-preview:large","max-video-preview":"max-video-preview:-1"},"canonical":"https:\/\/genealogiemouvet.com\/?page_id=187","og_locale":"en_US","og_type":"article","og_title":"1520.I Philippe - genealogiemouvet.com","og_description":"1520.I Philippe p. 115 (Interm\u00e9diaire) La date de naissance de Philippe ainsi que son d\u00e9c\u00e8s sont incertains. Philippe appara\u00eet dans un certain nombre de transactions d&#8217;o\u00f9 nous d\u00e9duisons que son p\u00e8re devait s&#8217;appeler Philippe lui aussi et, d&#8217;autre part, nous savons qu&#8217;il avait un fr\u00e8re nomm\u00e9 Maurice d\u00e9c\u00e9d\u00e9 avant 1571 sans h\u00e9ritiers. Le nom de...","og_url":"https:\/\/genealogiemouvet.com\/?page_id=187","og_site_name":"genealogiemouvet.com","article_modified_time":"2024-12-19T22:14:56+00:00","og_image":[{"url":"https:\/\/genealogiemouvet.com\/wp-content\/uploads\/2024\/12\/1520.I-Philippe.png"}],"twitter_card":"summary_large_image","twitter_misc":{"Est. reading time":"1 minute"},"schema":{"@context":"https:\/\/schema.org","@graph":[{"@type":"WebPage","@id":"https:\/\/genealogiemouvet.com\/?page_id=187","url":"https:\/\/genealogiemouvet.com\/?page_id=187","name":"1520.I Philippe - genealogiemouvet.com","isPartOf":{"@id":"https:\/\/genealogiemouvet.com\/#website"},"primaryImageOfPage":{"@id":"https:\/\/genealogiemouvet.com\/?page_id=187#primaryimage"},"image":{"@id":"https:\/\/genealogiemouvet.com\/?page_id=187#primaryimage"},"thumbnailUrl":"https:\/\/genealogiemouvet.com\/wp-content\/uploads\/2024\/12\/1520.I-Philippe.png","datePublished":"2024-03-14T19:13:18+00:00","dateModified":"2024-12-19T22:14:56+00:00","breadcrumb":{"@id":"https:\/\/genealogiemouvet.com\/?page_id=187#breadcrumb"},"inLanguage":"en-US","potentialAction":[{"@type":"ReadAction","target":["https:\/\/genealogiemouvet.com\/?page_id=187"]}]},{"@type":"ImageObject","inLanguage":"en-US","@id":"https:\/\/genealogiemouvet.com\/?page_id=187#primaryimage","url":"https:\/\/genealogiemouvet.com\/wp-content\/uploads\/2024\/12\/1520.I-Philippe.png","contentUrl":"https:\/\/genealogiemouvet.com\/wp-content\/uploads\/2024\/12\/1520.I-Philippe.png","width":913,"height":1021},{"@type":"BreadcrumbList","@id":"https:\/\/genealogiemouvet.com\/?page_id=187#breadcrumb","itemListElement":[{"@type":"ListItem","position":1,"name":"Accueil","item":"https:\/\/genealogiemouvet.com\/"},{"@type":"ListItem","position":2,"name":"R\u00e9pertoire","item":"https:\/\/genealogiemouvet.com\/?page_id=52"},{"@type":"ListItem","position":3,"name":"1520.I Philippe"}]},{"@type":"WebSite","@id":"https:\/\/genealogiemouvet.com\/#website","url":"https:\/\/genealogiemouvet.com\/","name":"genealogiemouvet.com","description":"","potentialAction":[{"@type":"SearchAction","target":{"@type":"EntryPoint","urlTemplate":"https:\/\/genealogiemouvet.com\/?s={search_term_string}"},"query-input":"required name=search_term_string"}],"inLanguage":"en-US"}]}},"_links":{"self":[{"href":"https:\/\/genealogiemouvet.com\/index.php?rest_route=\/wp\/v2\/pages\/187","targetHints":{"allow":["GET"]}}],"collection":[{"href":"https:\/\/genealogiemouvet.com\/index.php?rest_route=\/wp\/v2\/pages"}],"about":[{"href":"https:\/\/genealogiemouvet.com\/index.php?rest_route=\/wp\/v2\/types\/page"}],"author":[{"embeddable":true,"href":"https:\/\/genealogiemouvet.com\/index.php?rest_route=\/wp\/v2\/users\/2"}],"replies":[{"embeddable":true,"href":"https:\/\/genealogiemouvet.com\/index.php?rest_route=%2Fwp%2Fv2%2Fcomments&post=187"}],"version-history":[{"count":13,"href":"https:\/\/genealogiemouvet.com\/index.php?rest_route=\/wp\/v2\/pages\/187\/revisions"}],"predecessor-version":[{"id":1140,"href":"https:\/\/genealogiemouvet.com\/index.php?rest_route=\/wp\/v2\/pages\/187\/revisions\/1140"}],"up":[{"embeddable":true,"href":"https:\/\/genealogiemouvet.com\/index.php?rest_route=\/wp\/v2\/pages\/52"}],"wp:attachment":[{"href":"https:\/\/genealogiemouvet.com\/index.php?rest_route=%2Fwp%2Fv2%2Fmedia&parent=187"}],"curies":[{"name":"wp","href":"https:\/\/api.w.org\/{rel}","templated":true}]}}